{"id":2919,"date":"2026-04-09T10:28:43","date_gmt":"2026-04-09T16:28:43","guid":{"rendered":"https:\/\/acumuladorestauro.com\/?post_type=product&#038;p=2919"},"modified":"2026-04-09T10:28:49","modified_gmt":"2026-04-09T16:28:49","slug":"botella-aditivo-gas-clean","status":"publish","type":"product","link":"https:\/\/acumuladorestauro.com\/?product=botella-aditivo-gas-clean","title":{"rendered":"BOTELLA ADITIVO GAS CLEAN"},"content":{"rendered":"<p><strong>Beneficios<\/strong><\/p>\n<p>Su gran detergencia permite remover los dep\u00f3sitos formados por la combusti\u00f3n, manteniendo una limpieza \u00f3ptima en inyectores, v\u00e1lvulas, buj\u00edas y conductos del motor.<\/p>\n<p><strong>Aplicaci\u00f3n<\/strong><\/p>\n<p>Favorece la reducci\u00f3n de la emisi\u00f3n de gases contaminantes debido a la mejora en la combusti\u00f3n.<\/p>\n<p><strong>Ideal para<\/strong><\/p>\n<p>Su gran tecnolog\u00eda permite un eficiente desempe\u00f1o del motor sin da\u00f1ar ning\u00fan componente del autom\u00f3vil (catalizador, sensor de ox\u00edgeno y sellos).<\/p>\n<p>&nbsp;<\/p>\n","protected":false},"excerpt":{"rendered":"<p>Beneficios Su gran detergencia permite remover los dep\u00f3sitos formados por la combusti\u00f3n, manteniendo una limpieza \u00f3ptima en inyectores, v\u00e1lvulas, buj\u00edas y conductos del motor. Aplicaci\u00f3n Favorece la reducci\u00f3n de la<\/p>\n","protected":false},"featured_media":2922,"comment_status":"open","ping_status":"closed","template":"","meta":{"pagelayer_contact_templates":[],"_pagelayer_content":"","_monsterinsights_skip_tracking":false,"_monsterinsights_sitenote_active":false,"_monsterinsights_sitenote_note":"","_monsterinsights_sitenote_category":0},"product_cat":[15],"product_tag":[106,145],"class_list":{"0":"post-2919","1":"product","2":"type-product","3":"status-publish","4":"has-post-thumbnail","6":"product_brand-roshfrans","7":"product_cat-accesorios","8":"product_tag-alta-calidad","9":"product_tag-roshfrans","11":"first","12":"instock","13":"sale","14":"taxable","15":"shipping-taxable","16":"purchasable","17":"product-type-simple"},"aioseo_notices":[],"_links":{"self":[{"href":"https:\/\/acumuladorestauro.com\/index.php?rest_route=\/wp\/v2\/product\/2919","targetHints":{"allow":["GET"]}}],"collection":[{"href":"https:\/\/acumuladorestauro.com\/index.php?rest_route=\/wp\/v2\/product"}],"about":[{"href":"https:\/\/acumuladorestauro.com\/index.php?rest_route=\/wp\/v2\/types\/product"}],"replies":[{"embeddable":true,"href":"https:\/\/acumuladorestauro.com\/index.php?rest_route=%2Fwp%2Fv2%2Fcomments&post=2919"}],"version-history":[{"count":1,"href":"https:\/\/acumuladorestauro.com\/index.php?rest_route=\/wp\/v2\/product\/2919\/revisions"}],"predecessor-version":[{"id":2923,"href":"https:\/\/acumuladorestauro.com\/index.php?rest_route=\/wp\/v2\/product\/2919\/revisions\/2923"}],"wp:featuredmedia":[{"embeddable":true,"href":"https:\/\/acumuladorestauro.com\/index.php?rest_route=\/wp\/v2\/media\/2922"}],"wp:attachment":[{"href":"https:\/\/acumuladorestauro.com\/index.php?rest_route=%2Fwp%2Fv2%2Fmedia&parent=2919"}],"wp:term":[{"taxonomy":"product_cat","embeddable":true,"href":"https:\/\/acumuladorestauro.com\/index.php?rest_route=%2Fwp%2Fv2%2Fproduct_cat&post=2919"},{"taxonomy":"product_tag","embeddable":true,"href":"https:\/\/acumuladorestauro.com\/index.php?rest_route=%2Fwp%2Fv2%2Fproduct_tag&post=2919"}],"curies":[{"name":"wp","href":"https:\/\/api.w.org\/{rel}","templated":true}]}}