{"id":2924,"date":"2026-04-09T11:40:13","date_gmt":"2026-04-09T17:40:13","guid":{"rendered":"https:\/\/acumuladorestauro.com\/?post_type=product&#038;p=2924"},"modified":"2026-04-09T11:40:20","modified_gmt":"2026-04-09T17:40:20","slug":"botella-aditivo-clean-yector","status":"publish","type":"product","link":"https:\/\/acumuladorestauro.com\/?product=botella-aditivo-clean-yector","title":{"rendered":"BOTELLA ADITIVO CLEAN YECTOR"},"content":{"rendered":"<p class=\"benefits__item__subtitle\"><b>Beneficios<\/b><\/p>\n<p class=\"benefits__item__subtitle\">Favorece la reducci\u00f3n de la emisi\u00f3n de gases contaminantes debido a la mejora en la combusti\u00f3n.<\/p>\n<p class=\"benefits__item__subtitle\"><b>Aplicaci\u00f3n<\/b><\/p>\n<p class=\"benefits__item__desc\">\u00d3ptima limpieza para todo tipo de inyectores, su gran detergencia ayuda a restaurar la potencia de su autom\u00f3vil, ahorrando combustible.<\/p>\n<p class=\"benefits__item__subtitle\"><b>Ideal para<\/b><\/p>\n<p class=\"benefits__item__desc\">Restaura el m\u00e1ximo desempe\u00f1o en motores a gasolina.<\/p>\n<p>&nbsp;<\/p>\n","protected":false},"excerpt":{"rendered":"<p>Beneficios Favorece la reducci\u00f3n de la emisi\u00f3n de gases contaminantes debido a la mejora en la combusti\u00f3n. Aplicaci\u00f3n \u00d3ptima limpieza para todo tipo de inyectores, su gran detergencia ayuda a<\/p>\n","protected":false},"featured_media":2927,"comment_status":"open","ping_status":"closed","template":"","meta":{"pagelayer_contact_templates":[],"_pagelayer_content":"","_monsterinsights_skip_tracking":false,"_monsterinsights_sitenote_active":false,"_monsterinsights_sitenote_note":"","_monsterinsights_sitenote_category":0},"product_cat":[15],"product_tag":[106,103,145],"class_list":{"0":"post-2924","1":"product","2":"type-product","3":"status-publish","4":"has-post-thumbnail","6":"product_brand-roshfrans","7":"product_cat-accesorios","8":"product_tag-alta-calidad","9":"product_tag-calidad","10":"product_tag-roshfrans","12":"first","13":"instock","14":"sale","15":"taxable","16":"shipping-taxable","17":"purchasable","18":"product-type-simple"},"aioseo_notices":[],"_links":{"self":[{"href":"https:\/\/acumuladorestauro.com\/index.php?rest_route=\/wp\/v2\/product\/2924","targetHints":{"allow":["GET"]}}],"collection":[{"href":"https:\/\/acumuladorestauro.com\/index.php?rest_route=\/wp\/v2\/product"}],"about":[{"href":"https:\/\/acumuladorestauro.com\/index.php?rest_route=\/wp\/v2\/types\/product"}],"replies":[{"embeddable":true,"href":"https:\/\/acumuladorestauro.com\/index.php?rest_route=%2Fwp%2Fv2%2Fcomments&post=2924"}],"version-history":[{"count":1,"href":"https:\/\/acumuladorestauro.com\/index.php?rest_route=\/wp\/v2\/product\/2924\/revisions"}],"predecessor-version":[{"id":2928,"href":"https:\/\/acumuladorestauro.com\/index.php?rest_route=\/wp\/v2\/product\/2924\/revisions\/2928"}],"wp:featuredmedia":[{"embeddable":true,"href":"https:\/\/acumuladorestauro.com\/index.php?rest_route=\/wp\/v2\/media\/2927"}],"wp:attachment":[{"href":"https:\/\/acumuladorestauro.com\/index.php?rest_route=%2Fwp%2Fv2%2Fmedia&parent=2924"}],"wp:term":[{"taxonomy":"product_cat","embeddable":true,"href":"https:\/\/acumuladorestauro.com\/index.php?rest_route=%2Fwp%2Fv2%2Fproduct_cat&post=2924"},{"taxonomy":"product_tag","embeddable":true,"href":"https:\/\/acumuladorestauro.com\/index.php?rest_route=%2Fwp%2Fv2%2Fproduct_tag&post=2924"}],"curies":[{"name":"wp","href":"https:\/\/api.w.org\/{rel}","templated":true}]}}