{"id":3157,"date":"2026-05-11T17:44:09","date_gmt":"2026-05-11T23:44:09","guid":{"rendered":"https:\/\/acumuladorestauro.com\/?post_type=product&#038;p=3157"},"modified":"2026-05-12T19:40:05","modified_gmt":"2026-05-13T01:40:05","slug":"3157","status":"publish","type":"product","link":"https:\/\/acumuladorestauro.com\/?product=3157","title":{"rendered":"MOTO LTH TX7L-FA"},"content":{"rendered":"<p>Las Moto-Bater\u00edas LTH AGM* (Absorbed Glass Mat) son bater\u00edas con un dise\u00f1o especial, formadas por placas secas y caracterizadas por sus separadores de fibra de vidrio que absorben el electrolito mejorando considerablemente su desempe\u00f1o.<\/p>\n<div class=\"slds-card__header slds-grid\">\n<header class=\"slds-media slds-media_center slds-has-flexi-truncate\">\n<div class=\"slds-media__body\">\n<h2 class=\"slds-card__header-title\"><span class=\"slds-truncate\">Especificaciones<\/span><\/h2>\n<\/div>\n<div class=\"slds-no-flex\"><\/div>\n<\/header>\n<\/div>\n<div class=\"slds-card__body\">\n<div class=\"slds-p-around_medium\">\n<div class=\"product-specification-container\">\n<div class=\"specification\">\n<div class=\"specification-key\">Capacidad de Arranque en Fr\u00edo (CCA)\u00a0 \u00a0 \u00a0 \u00a0 \u00a0 \u00a0 \u00a0 \u00a0 \u00a0 \u00a0 \u00a0 \u00a0 85<\/div>\n<div><\/div>\n<div class=\"specification-value\"><\/div>\n<\/div>\n<div class=\"specification\">\n<div class=\"specification-key\">Alto (mm)\u00a0 \u00a0 \u00a0 \u00a0 \u00a0 \u00a0 \u00a0 \u00a0 \u00a0 \u00a0 \u00a0 \u00a0 \u00a0 \u00a0 \u00a0 \u00a0 \u00a0 \u00a0 \u00a0 \u00a0 \u00a0 \u00a0 \u00a0 \u00a0 \u00a0 \u00a0 \u00a0 \u00a0 \u00a0 \u00a0 \u00a0 \u00a0 \u00a0 \u00a0 \u00a0 \u00a0 \u00a0129<\/div>\n<div><\/div>\n<div><\/div>\n<div class=\"specification-value\">Ancho (mm)\u00a0 \u00a0 \u00a0 \u00a0 \u00a0 \u00a0 \u00a0 \u00a0 \u00a0 \u00a0 \u00a0 \u00a0 \u00a0 \u00a0 \u00a0 \u00a0 \u00a0 \u00a0 \u00a0 \u00a0 \u00a0 \u00a0 \u00a0 \u00a0 \u00a0 \u00a0 \u00a0 \u00a0 \u00a0 \u00a0 \u00a0 \u00a0 \u00a0 \u00a0 \u00a070<\/div>\n<\/div>\n<\/div>\n<\/div>\n<\/div>\n<div><\/div>\n<div><\/div>\n<div class=\"slds-card__body\">\n<div class=\"slds-p-around_medium\">\n<div class=\"product-specification-container\">\n<div class=\"specification\">\n<div class=\"specification-key\">Largo (mm)\u00a0 \u00a0 \u00a0 \u00a0 \u00a0 \u00a0 \u00a0 \u00a0 \u00a0 \u00a0 \u00a0 \u00a0 \u00a0 \u00a0 \u00a0 \u00a0 \u00a0 \u00a0 \u00a0 \u00a0 \u00a0 \u00a0 \u00a0 \u00a0 \u00a0 \u00a0 \u00a0 \u00a0 \u00a0 \u00a0 \u00a0 \u00a0 \u00a0 \u00a0 \u00a0 113<\/div>\n<\/div>\n<\/div>\n<\/div>\n<\/div>\n<div class=\"specification-value\"><\/div>\n<div><\/div>\n<div class=\"slds-card__body\">\n<div class=\"slds-p-around_medium\">\n<div class=\"product-specification-container\">\n<div class=\"specification\">\n<div class=\"specification-key\">Peso H\u00famedo (kg)\u00a0 \u00a0 \u00a0 \u00a0 \u00a0 \u00a0 \u00a0 \u00a0 \u00a0 \u00a0 \u00a0 \u00a0 \u00a0 \u00a0 \u00a0 \u00a0 \u00a0 \u00a0 \u00a0 \u00a0 \u00a0 \u00a0 \u00a0 \u00a0 \u00a0 \u00a0 \u00a0 \u00a0 \u00a0 2.31<\/div>\n<div><\/div>\n<div class=\"specification-value\"><\/div>\n<\/div>\n<div class=\"specification\">\n<div class=\"specification-key\">Voltaje (V)\u00a0 \u00a0 \u00a0 \u00a0 \u00a0 \u00a0 \u00a0 \u00a0 \u00a0 \u00a0 \u00a0 \u00a0 \u00a0 \u00a0 \u00a0 \u00a0 \u00a0 \u00a0 \u00a0 \u00a0 \u00a0 \u00a0 \u00a0 \u00a0 \u00a0 \u00a0 \u00a0 \u00a0 \u00a0 \u00a0 \u00a0 \u00a0 \u00a0 \u00a0 \u00a0 \u00a0 12<\/div>\n<div><\/div>\n<div class=\"specification-value\"><\/div>\n<\/div>\n<\/div>\n<\/div>\n<\/div>\n","protected":false},"excerpt":{"rendered":"<p>Las Moto-Bater\u00edas LTH AGM* (Absorbed Glass Mat) son bater\u00edas con un dise\u00f1o especial, formadas por placas secas y caracterizadas por sus separadores de fibra de vidrio que absorben el electrolito<\/p>\n","protected":false},"featured_media":3163,"comment_status":"open","ping_status":"closed","template":"","meta":{"pagelayer_contact_templates":[],"_pagelayer_content":"","_monsterinsights_skip_tracking":false,"_monsterinsights_sitenote_active":false,"_monsterinsights_sitenote_note":"","_monsterinsights_sitenote_category":0},"product_cat":[28],"product_tag":[106,58,116,259,260],"class_list":{"0":"post-3157","1":"product","2":"type-product","3":"status-publish","4":"has-post-thumbnail","6":"product_brand-lth","7":"product_cat-motobaterias","8":"product_tag-alta-calidad","9":"product_tag-lth","10":"product_tag-moto","11":"product_tag-moto-bateria","12":"product_tag-moto-lth-tx7l-fa","14":"first","15":"instock","16":"sale","17":"taxable","18":"shipping-taxable","19":"purchasable","20":"product-type-simple"},"aioseo_notices":[],"yoast_head":"<!-- This site is optimized with the Yoast SEO plugin v27.4 - https:\/\/yoast.com\/product\/yoast-seo-wordpress\/ -->\n<title>MOTO LTH TX7L-FA - Acumuladores Tauro<\/title>\n<meta name=\"robots\" content=\"index, follow, max-snippet:-1, max-image-preview:large, max-video-preview:-1\" \/>\n<link rel=\"canonical\" href=\"https:\/\/acumuladorestauro.com\/?product=3157\" \/>\n<meta property=\"og:locale\" content=\"es_MX\" \/>\n<meta property=\"og:type\" content=\"article\" \/>\n<meta property=\"og:title\" content=\"MOTO LTH TX7L-FA - Acumuladores Tauro\" \/>\n<meta property=\"og:description\" content=\"Las Moto-Bater\u00edas LTH AGM* (Absorbed Glass Mat) son bater\u00edas con un dise\u00f1o especial, formadas por placas secas y caracterizadas por sus separadores de fibra de vidrio que absorben el electrolito\" \/>\n<meta property=\"og:url\" content=\"https:\/\/acumuladorestauro.com\/?product=3157\" \/>\n<meta property=\"og:site_name\" content=\"Acumuladores Tauro\" \/>\n<meta property=\"article:publisher\" content=\"https:\/\/www.facebook.com\/profile.php?id=61572046406226\" \/>\n<meta property=\"article:modified_time\" content=\"2026-05-13T01:40:05+00:00\" \/>\n<meta property=\"og:image\" content=\"https:\/\/acumuladorestauro.com\/wp-content\/uploads\/2026\/05\/TX7L-FA.jpg\" \/>\n\t<meta property=\"og:image:width\" content=\"675\" \/>\n\t<meta property=\"og:image:height\" content=\"800\" \/>\n\t<meta property=\"og:image:type\" content=\"image\/jpeg\" \/>\n<meta name=\"twitter:card\" content=\"summary_large_image\" \/>\n<meta name=\"twitter:label1\" content=\"Tiempo de lectura\" \/>\n\t<meta name=\"twitter:data1\" content=\"1 minuto\" \/>\n<script type=\"application\/ld+json\" class=\"yoast-schema-graph\">{\"@context\":\"https:\\\/\\\/schema.org\",\"@graph\":[{\"@type\":\"WebPage\",\"@id\":\"https:\\\/\\\/acumuladorestauro.com\\\/?product=3157\",\"url\":\"https:\\\/\\\/acumuladorestauro.com\\\/?product=3157\",\"name\":\"MOTO LTH TX7L-FA - Acumuladores Tauro\",\"isPartOf\":{\"@id\":\"https:\\\/\\\/acumuladorestauro.com\\\/#website\"},\"primaryImageOfPage\":{\"@id\":\"https:\\\/\\\/acumuladorestauro.com\\\/?product=3157#primaryimage\"},\"image\":{\"@id\":\"https:\\\/\\\/acumuladorestauro.com\\\/?product=3157#primaryimage\"},\"thumbnailUrl\":\"https:\\\/\\\/acumuladorestauro.com\\\/wp-content\\\/uploads\\\/2026\\\/05\\\/TX7L-FA.jpg\",\"datePublished\":\"2026-05-11T23:44:09+00:00\",\"dateModified\":\"2026-05-13T01:40:05+00:00\",\"breadcrumb\":{\"@id\":\"https:\\\/\\\/acumuladorestauro.com\\\/?product=3157#breadcrumb\"},\"inLanguage\":\"es\",\"potentialAction\":[{\"@type\":\"ReadAction\",\"target\":[\"https:\\\/\\\/acumuladorestauro.com\\\/?product=3157\"]}]},{\"@type\":\"ImageObject\",\"inLanguage\":\"es\",\"@id\":\"https:\\\/\\\/acumuladorestauro.com\\\/?product=3157#primaryimage\",\"url\":\"https:\\\/\\\/acumuladorestauro.com\\\/wp-content\\\/uploads\\\/2026\\\/05\\\/TX7L-FA.jpg\",\"contentUrl\":\"https:\\\/\\\/acumuladorestauro.com\\\/wp-content\\\/uploads\\\/2026\\\/05\\\/TX7L-FA.jpg\",\"width\":675,\"height\":800},{\"@type\":\"BreadcrumbList\",\"@id\":\"https:\\\/\\\/acumuladorestauro.com\\\/?product=3157#breadcrumb\",\"itemListElement\":[{\"@type\":\"ListItem\",\"position\":1,\"name\":\"Inicio\",\"item\":\"https:\\\/\\\/acumuladorestauro.com\\\/\"},{\"@type\":\"ListItem\",\"position\":2,\"name\":\"Tienda\",\"item\":\"https:\\\/\\\/acumuladorestauro.com\\\/?page_id=757\"},{\"@type\":\"ListItem\",\"position\":3,\"name\":\"MOTO LTH TX7L-FA\"}]},{\"@type\":\"WebSite\",\"@id\":\"https:\\\/\\\/acumuladorestauro.com\\\/#website\",\"url\":\"https:\\\/\\\/acumuladorestauro.com\\\/\",\"name\":\"Acumuladores Tauro\",\"description\":\"Amplia selecci\u00f3n de bater\u00edas, aceites, lubricantes y accesorios automotrices.\",\"publisher\":{\"@id\":\"https:\\\/\\\/acumuladorestauro.com\\\/#organization\"},\"potentialAction\":[{\"@type\":\"SearchAction\",\"target\":{\"@type\":\"EntryPoint\",\"urlTemplate\":\"https:\\\/\\\/acumuladorestauro.com\\\/?s={search_term_string}\"},\"query-input\":{\"@type\":\"PropertyValueSpecification\",\"valueRequired\":true,\"valueName\":\"search_term_string\"}}],\"inLanguage\":\"es\"},{\"@type\":\"Organization\",\"@id\":\"https:\\\/\\\/acumuladorestauro.com\\\/#organization\",\"name\":\"Acumuladores Tauro\",\"url\":\"https:\\\/\\\/acumuladorestauro.com\\\/\",\"logo\":{\"@type\":\"ImageObject\",\"inLanguage\":\"es\",\"@id\":\"https:\\\/\\\/acumuladorestauro.com\\\/#\\\/schema\\\/logo\\\/image\\\/\",\"url\":\"https:\\\/\\\/acumuladorestauro.com\\\/wp-content\\\/uploads\\\/2026\\\/03\\\/logo-web.png\",\"contentUrl\":\"https:\\\/\\\/acumuladorestauro.com\\\/wp-content\\\/uploads\\\/2026\\\/03\\\/logo-web.png\",\"width\":1178,\"height\":362,\"caption\":\"Acumuladores Tauro\"},\"image\":{\"@id\":\"https:\\\/\\\/acumuladorestauro.com\\\/#\\\/schema\\\/logo\\\/image\\\/\"},\"sameAs\":[\"https:\\\/\\\/www.facebook.com\\\/profile.php?id=61572046406226\",\"https:\\\/\\\/www.instagram.com\\\/acumuladores.tauro\\\/\"]}]}<\/script>\n<!-- \/ Yoast SEO plugin. -->","yoast_head_json":{"title":"MOTO LTH TX7L-FA - Acumuladores Tauro","robots":{"index":"index","follow":"follow","max-snippet":"max-snippet:-1","max-image-preview":"max-image-preview:large","max-video-preview":"max-video-preview:-1"},"canonical":"https:\/\/acumuladorestauro.com\/?product=3157","og_locale":"es_MX","og_type":"article","og_title":"MOTO LTH TX7L-FA - Acumuladores Tauro","og_description":"Las Moto-Bater\u00edas LTH AGM* (Absorbed Glass Mat) son bater\u00edas con un dise\u00f1o especial, formadas por placas secas y caracterizadas por sus separadores de fibra de vidrio que absorben el electrolito","og_url":"https:\/\/acumuladorestauro.com\/?product=3157","og_site_name":"Acumuladores Tauro","article_publisher":"https:\/\/www.facebook.com\/profile.php?id=61572046406226","article_modified_time":"2026-05-13T01:40:05+00:00","og_image":[{"width":675,"height":800,"url":"https:\/\/acumuladorestauro.com\/wp-content\/uploads\/2026\/05\/TX7L-FA.jpg","type":"image\/jpeg"}],"twitter_card":"summary_large_image","twitter_misc":{"Tiempo de lectura":"1 minuto"},"schema":{"@context":"https:\/\/schema.org","@graph":[{"@type":"WebPage","@id":"https:\/\/acumuladorestauro.com\/?product=3157","url":"https:\/\/acumuladorestauro.com\/?product=3157","name":"MOTO LTH TX7L-FA - Acumuladores Tauro","isPartOf":{"@id":"https:\/\/acumuladorestauro.com\/#website"},"primaryImageOfPage":{"@id":"https:\/\/acumuladorestauro.com\/?product=3157#primaryimage"},"image":{"@id":"https:\/\/acumuladorestauro.com\/?product=3157#primaryimage"},"thumbnailUrl":"https:\/\/acumuladorestauro.com\/wp-content\/uploads\/2026\/05\/TX7L-FA.jpg","datePublished":"2026-05-11T23:44:09+00:00","dateModified":"2026-05-13T01:40:05+00:00","breadcrumb":{"@id":"https:\/\/acumuladorestauro.com\/?product=3157#breadcrumb"},"inLanguage":"es","potentialAction":[{"@type":"ReadAction","target":["https:\/\/acumuladorestauro.com\/?product=3157"]}]},{"@type":"ImageObject","inLanguage":"es","@id":"https:\/\/acumuladorestauro.com\/?product=3157#primaryimage","url":"https:\/\/acumuladorestauro.com\/wp-content\/uploads\/2026\/05\/TX7L-FA.jpg","contentUrl":"https:\/\/acumuladorestauro.com\/wp-content\/uploads\/2026\/05\/TX7L-FA.jpg","width":675,"height":800},{"@type":"BreadcrumbList","@id":"https:\/\/acumuladorestauro.com\/?product=3157#breadcrumb","itemListElement":[{"@type":"ListItem","position":1,"name":"Inicio","item":"https:\/\/acumuladorestauro.com\/"},{"@type":"ListItem","position":2,"name":"Tienda","item":"https:\/\/acumuladorestauro.com\/?page_id=757"},{"@type":"ListItem","position":3,"name":"MOTO LTH TX7L-FA"}]},{"@type":"WebSite","@id":"https:\/\/acumuladorestauro.com\/#website","url":"https:\/\/acumuladorestauro.com\/","name":"Acumuladores Tauro","description":"Amplia selecci\u00f3n de bater\u00edas, aceites, lubricantes y accesorios automotrices.","publisher":{"@id":"https:\/\/acumuladorestauro.com\/#organization"},"potentialAction":[{"@type":"SearchAction","target":{"@type":"EntryPoint","urlTemplate":"https:\/\/acumuladorestauro.com\/?s={search_term_string}"},"query-input":{"@type":"PropertyValueSpecification","valueRequired":true,"valueName":"search_term_string"}}],"inLanguage":"es"},{"@type":"Organization","@id":"https:\/\/acumuladorestauro.com\/#organization","name":"Acumuladores Tauro","url":"https:\/\/acumuladorestauro.com\/","logo":{"@type":"ImageObject","inLanguage":"es","@id":"https:\/\/acumuladorestauro.com\/#\/schema\/logo\/image\/","url":"https:\/\/acumuladorestauro.com\/wp-content\/uploads\/2026\/03\/logo-web.png","contentUrl":"https:\/\/acumuladorestauro.com\/wp-content\/uploads\/2026\/03\/logo-web.png","width":1178,"height":362,"caption":"Acumuladores Tauro"},"image":{"@id":"https:\/\/acumuladorestauro.com\/#\/schema\/logo\/image\/"},"sameAs":["https:\/\/www.facebook.com\/profile.php?id=61572046406226","https:\/\/www.instagram.com\/acumuladores.tauro\/"]}]}},"_links":{"self":[{"href":"https:\/\/acumuladorestauro.com\/index.php?rest_route=\/wp\/v2\/product\/3157","targetHints":{"allow":["GET"]}}],"collection":[{"href":"https:\/\/acumuladorestauro.com\/index.php?rest_route=\/wp\/v2\/product"}],"about":[{"href":"https:\/\/acumuladorestauro.com\/index.php?rest_route=\/wp\/v2\/types\/product"}],"replies":[{"embeddable":true,"href":"https:\/\/acumuladorestauro.com\/index.php?rest_route=%2Fwp%2Fv2%2Fcomments&post=3157"}],"version-history":[{"count":3,"href":"https:\/\/acumuladorestauro.com\/index.php?rest_route=\/wp\/v2\/product\/3157\/revisions"}],"predecessor-version":[{"id":3165,"href":"https:\/\/acumuladorestauro.com\/index.php?rest_route=\/wp\/v2\/product\/3157\/revisions\/3165"}],"wp:featuredmedia":[{"embeddable":true,"href":"https:\/\/acumuladorestauro.com\/index.php?rest_route=\/wp\/v2\/media\/3163"}],"wp:attachment":[{"href":"https:\/\/acumuladorestauro.com\/index.php?rest_route=%2Fwp%2Fv2%2Fmedia&parent=3157"}],"wp:term":[{"taxonomy":"product_cat","embeddable":true,"href":"https:\/\/acumuladorestauro.com\/index.php?rest_route=%2Fwp%2Fv2%2Fproduct_cat&post=3157"},{"taxonomy":"product_tag","embeddable":true,"href":"https:\/\/acumuladorestauro.com\/index.php?rest_route=%2Fwp%2Fv2%2Fproduct_tag&post=3157"}],"curies":[{"name":"wp","href":"https:\/\/api.w.org\/{rel}","templated":true}]}}